{"id":3985,"date":"2021-05-18T08:14:11","date_gmt":"2021-05-18T08:14:11","guid":{"rendered":"https:\/\/gamecritproject.com\/partnerzy\/"},"modified":"2025-10-30T21:55:06","modified_gmt":"2025-10-30T21:55:06","slug":"partnerzy","status":"publish","type":"page","link":"https:\/\/gamecritproject.com\/pl\/partnerzy\/","title":{"rendered":"PARTNERZY"},"content":{"rendered":"\t\t<div data-elementor-type=\"wp-page\" data-elementor-id=\"3985\" class=\"elementor elementor-3985 elementor-368\" data-elementor-post-type=\"page\">\n\t\t\t\t<div class=\"elementor-element elementor-element-a5883b8 e-con-full e-flex e-con e-parent\" data-id=\"a5883b8\" data-element_type=\"container\" data-e-type=\"container\" data-settings=\"{&quot;background_background&quot;:&quot;classic&quot;}\">\n\t\t\t\t<\/div>\n\t\t<div class=\"elementor-element elementor-element-c0c816e e-grid e-con-boxed e-con e-parent\" data-id=\"c0c816e\" data-element_type=\"container\" data-e-type=\"container\">\n\t\t\t\t\t<div class=\"e-con-inner\">\n\t\t\t\t<div class=\"elementor-element elementor-element-46c2222 elementor-widget__width-initial elementor-widget elementor-widget-text-editor\" data-id=\"46c2222\" data-element_type=\"widget\" data-e-type=\"widget\" data-widget_type=\"text-editor.default\">\n\t\t\t\t<div class=\"elementor-widget-container\">\n\t\t\t\t\t\t\t\t\t<p><img decoding=\"async\" class=\"aligncenter\" src=\"https:\/\/gamecritproject.com\/wp-content\/uploads\/2024\/10\/IES-Legio-150x150.webp\" alt=\"\" width=\"150\" height=\"150\" \/><span style=\"font-style: inherit; font-weight: inherit; color: var( --e-global-color-text ); font-family: var( --e-global-typography-text-font-family ), Sans-serif; text-align: var(--text-align); background-color: var(--ast-global-color-4);\"><br \/><\/span><\/p><h5 style=\"text-align: center;\"><span style=\"font-style: inherit; font-weight: inherit; color: #000000; font-family: var( --e-global-typography-text-font-family ), Sans-serif; text-align: var(--text-align); background-color: var(--ast-global-color-4);\">IES LEGIO VII Le\u00f3n, Hiszpania<\/span><\/h5><p>IES Legio VII to publiczna szko\u0142a \u015brednia, zlokalizowana w p\u00f3\u0142nocno-zachodniej Hiszpanii, w mie\u015bcie Le\u00f3n.<\/p><p>Plac\u00f3wka prowadzi dzia\u0142alno\u015b\u0107 edukacyjn\u0105 od 1982 roku i obecnie oferuje kszta\u0142cenie na dw\u00f3ch poziomach: obowi\u0105zkowym poziomie szko\u0142y \u015bredniej (klasy 1\/2\/3\/4 ESO) oraz na poziomie szko\u0142y wy\u017cszego stopnia (klasy 1\/2 Bachillerato).<\/p><p>Szko\u0142a realizuje r\u00f3wnie\u017c hybrydowy program nauczania na odleg\u0142o\u015b\u0107 dla os\u00f3b doros\u0142ych, kt\u00f3ry umo\u017cliwia \u0142\u0105czenie pracy zawodowej z edukacj\u0105, zapewniaj\u0105c jednocze\u015bnie spersonalizowane wsparcie za po\u015brednictwem platformy e-learningowej Moodle o otwartym kodzie \u017ar\u00f3d\u0142owym.<\/p><p>Filozofia edukacyjna szko\u0142y opiera si\u0119 na \u015bwiadomo\u015bci du\u017cego zr\u00f3\u017cnicowania spo\u0142ecznego i edukacyjnego w\u015br\u00f3d uczni\u00f3w.<\/p><p>Taka r\u00f3\u017cnorodno\u015b\u0107 wymaga elastycznego podej\u015bcia do nauczania i dostosowywania metod dydaktycznych do indywidualnych potrzeb ka\u017cdej grupy.<\/p><p>W efekcie proces nauczania i uczenia si\u0119 staje si\u0119 bardziej z\u0142o\u017cony i wielowymiarowy, co stanowi jedno z g\u0142\u00f3wnych wyzwa\u0144, ale te\u017c fundament\u00f3w jako\u015bciowego kszta\u0142cenia.<\/p><p>G\u0142\u00f3wn\u0105 misj\u0105 IES Legio VII jest zapewnienie wszystkim uczniom wysokiej jako\u015bci, uznanego wykszta\u0142cenia, opartego na nowoczesnym i zr\u00f3\u017cnicowanym podej\u015bciu do nauczania.<\/p><p>Szko\u0142a d\u0105\u017cy do tworzenia \u015brodowiska edukacyjnego, kt\u00f3re \u0142\u0105czy jako\u015b\u0107, dost\u0119pno\u015b\u0107 oraz indywidualne wsparcie, umo\u017cliwiaj\u0105c ka\u017cdemu uczniowi rozw\u00f3j na solidnych i trwa\u0142ych. fundamentach.<\/p>\t\t\t\t\t\t\t\t<\/div>\n\t\t\t\t<\/div>\n\t\t\t\t<div class=\"elementor-element elementor-element-949d2bc elementor-widget__width-initial elementor-widget elementor-widget-text-editor\" data-id=\"949d2bc\" data-element_type=\"widget\" data-e-type=\"widget\" data-widget_type=\"text-editor.default\">\n\t\t\t\t<div class=\"elementor-widget-container\">\n\t\t\t\t\t\t\t\t\t<p><img decoding=\"async\" class=\"aligncenter wp-image-992 size-full\" src=\"https:\/\/gamecritproject.com\/wp-content\/uploads\/2024\/10\/bursa.png\" alt=\"\" width=\"150\" height=\"150\" \/><\/p><h5>\u00a0<\/h5><h5 style=\"text-align: center;\"><span style=\"font-style: inherit; font-weight: inherit; color: #262626; font-family: var( --e-global-typography-text-font-family ), Sans-serif; text-align: var(--text-align); background-color: var(--ast-global-color-4);\">PEYAMI SAFA ORTAOKULU Bursa, Turcja<\/span><\/h5><p>Szko\u0142a \u015brednia im. Peyamiego Safy zosta\u0142a za\u0142o\u017cona w 1990 roku w po\u0142udniowo-wschodniej cz\u0119\u015bci Bursy \u2013 jednego z najbardziej zaludnionych i uprzemys\u0142owionych miast Turcji.<\/p><p>Jako publiczna plac\u00f3wka o\u015bwiatowa kszta\u0142cimy obecnie 1987 uczni\u00f3w.<\/p><p>Nasz zesp\u00f3\u0142 sk\u0142ada si\u0119 ze 112 nauczycieli, czterech wicedyrektor\u00f3w oraz dyrektora szko\u0142y.<\/p><p><br \/>Profil spo\u0142eczny rodzin naszych uczni\u00f3w mo\u017cna okre\u015bli\u0107 jako wy\u017csza klasa \u015brednia. Szko\u0142a oferuje bogaty i inspiruj\u0105cy program nauczania dla dziewcz\u0105t i ch\u0142opc\u00f3w w wieku od 11 do 15 lat.<\/p><p><br \/>Wierzymy g\u0142\u0119boko w potencja\u0142 ka\u017cdego m\u0142odego cz\u0142owieka i \u015bci\u015ble wsp\u00f3\u0142pracujemy z rodzinami, aby zapewni\u0107 wszystkim uczniom warunki do osi\u0105gania sukces\u00f3w.<\/p><p><br \/>Wysoka jako\u015b\u0107 nauczania stanowi fundament naszej dzia\u0142alno\u015bci.<\/p><p><br \/>Stawiamy na wysokie standardy szkolnictwa, wspieraj\u0105c uczni\u00f3w o r\u00f3\u017cnych poziomach umiej\u0119tno\u015bci w rozwijaniu si\u0119 z powodzeniem w j\u0119zyku angielskim, matematyce, naukach przyrodniczych, literaturze i w szerokim zakresie innych przedmiot\u00f3w.<\/p><p><br \/>Jednocze\u015bnie dbamy o rozwijanie zainteresowa\u0144 artystycznych naszych uczni\u00f3w, promuj\u0105c edukacj\u0119 w zakresie sztuk pi\u0119knych.<\/p>\t\t\t\t\t\t\t\t<\/div>\n\t\t\t\t<\/div>\n\t\t\t\t\t<\/div>\n\t\t\t\t<\/div>\n\t\t<div class=\"elementor-element elementor-element-a6a284a e-grid e-con-boxed e-con e-parent\" data-id=\"a6a284a\" data-element_type=\"container\" data-e-type=\"container\">\n\t\t\t\t\t<div class=\"e-con-inner\">\n\t\t\t\t<div class=\"elementor-element elementor-element-18232a0 elementor-widget elementor-widget-text-editor\" data-id=\"18232a0\" data-element_type=\"widget\" data-e-type=\"widget\" data-widget_type=\"text-editor.default\">\n\t\t\t\t<div class=\"elementor-widget-container\">\n\t\t\t\t\t\t\t\t\t<p><img fetchpriority=\"high\" decoding=\"async\" src=\"https:\/\/gamecritproject.com\/wp-content\/uploads\/2024\/10\/NET-300x118-1-1.png\" alt=\"\" width=\"381\" height=\"150\" \/><\/p><h5 style=\"text-align: center;\"><span style=\"font-style: inherit; font-weight: inherit; color: #262626; font-family: var( --e-global-typography-text-font-family ), Sans-serif; text-align: var(--text-align); background-color: var(--ast-global-color-4);\">N.E.T. ASSOCIAZONE CULTURALE Ponte San Nicol\u00f2, W\u0142ochy<\/span><\/h5><p>Associazione N.E.T. to organizacja non-profit, za\u0142o\u017cona w 2001 roku przez specjalist\u00f3w z sektora edukacji i szkole\u0144.<\/p><p>Dzia\u0142alno\u015b\u0107 stowarzyszenia koncentruje si\u0119 na wsparciu os\u00f3b znajduj\u0105cych si\u0119 w trudnej sytuacji spo\u0142ecznej, takich jak m\u0142odzie\u017c, migranci, kobiety, osoby starsze, osoby z niepe\u0142nosprawno\u015bciami oraz d\u0142ugotrwale bezrobotni.<\/p><p>Celem Associazione N.E.T. jest wspieranie ich w procesie integracji spo\u0142ecznej, kszta\u0142cenia i aktywizacji zawodowej.<\/p><p>Organizacja prowadzi intensywn\u0105 dzia\u0142alno\u015b\u0107 na poziomie lokalnym i regionalnym, wsp\u00f3\u0142pracuj\u0105c z instytucjami publicznymi, takimi jak: regiony, gminy, lokalne jednostki s\u0142u\u017cby zdrowia (ULSS), uczelnie wy\u017csze, izby handlowe, o\u015brodki szkoleniowe, szko\u0142y, stowarzyszenia bran\u017cowe, ma\u0142e spo\u0142eczno\u015bci lokalne oraz sp\u00f3\u0142dzielnie.<\/p><p>Associazione N.E.T. aktywnie uczestniczy w dzia\u0142aniach trzeciego sektora, promuj\u0105c inicjatywy oparte na uczciwych zasadach i d\u0105\u017c\u0105ce do samowystarczalno\u015bci.<\/p><p>Organizacja wspiera rozw\u00f3j zr\u00f3wnowa\u017conej gospodarki, wykorzystuj\u0105cej mechanizmy mikrokredytu i ekonomii spo\u0142ecznej.<\/p><p>Realizuje te cele we wsp\u00f3\u0142pracy ze sp\u00f3\u0142dzielniami socjalnymi i organizacjami pozarz\u0105dowymi, kt\u00f3re we W\u0142oszech cz\u0119sto uzupe\u0142niaj\u0105 lub zast\u0119puj\u0105 dzia\u0142ania sektora publicznego w wielu obszarach \u017cycia spo\u0142ecznego.<\/p>\t\t\t\t\t\t\t\t<\/div>\n\t\t\t\t<\/div>\n\t\t\t\t<div class=\"elementor-element elementor-element-e8e560c elementor-widget elementor-widget-text-editor\" data-id=\"e8e560c\" data-element_type=\"widget\" data-e-type=\"widget\" data-widget_type=\"text-editor.default\">\n\t\t\t\t<div class=\"elementor-widget-container\">\n\t\t\t\t\t\t\t\t\t<p><img loading=\"lazy\" decoding=\"async\" class=\"aligncenter\" src=\"https:\/\/gamecritproject.com\/wp-content\/uploads\/2024\/10\/ETIC_Algarve-Horizontal-300x122.png\" alt=\"\" width=\"369\" height=\"150\" \/><\/p><h5 style=\"text-align: center;\"><span style=\"font-style: inherit; font-weight: inherit; color: #262626; font-family: var( --e-global-typography-text-font-family ), Sans-serif; text-align: var(--text-align); background-color: var(--ast-global-color-4);\">ETIC_ALGARVE<br \/>Faro, Portugalia<\/span><\/h5><p>ETIC_Algarve zosta\u0142 za\u0142o\u017cony w 2008 roku i specjalizuje si\u0119 w kszta\u0142ceniu zawodowym w obszarze przemys\u0142\u00f3w kreatywnych.<\/p><p>Szko\u0142a pojawi\u0142a si\u0119 na rynku z misj\u0105 wspierania indywidualnych talent\u00f3w, umiej\u0119tno\u015bci i potencja\u0142u poprzez nowatorskie podej\u015bcie do kszta\u0142cenia w takich dziedzinach jak design, fotografia, wideo, d\u017awi\u0119k i muzyka, gry wideo, media interaktywne oraz komunikacja.<\/p><p>ETIC_Algarve realizuje unikaln\u0105 koncepcj\u0119 edukacyjn\u0105, niespotykan\u0105 dot\u0105d w regionie Algarve.<\/p><p>G\u0142\u00f3wnym celem szko\u0142y jest tworzenie pomostu dla os\u00f3b, kt\u00f3re chc\u0105 szybko wej\u015b\u0107 na rynek pracy w bran\u017cach kreatywnych.<br \/>Nasz\u0105 grup\u0119 docelow\u0105 stanowi\u0105 osoby, kt\u00f3re pragn\u0105 zdoby\u0107 konkretne kompetencje zawodowe.<\/p><p>Uczniowie maj\u0105 r\u00f3\u017cny wiek &#8211; od 18 do 50 lat &#8211; lecz \u0142\u0105czy ich wsp\u00f3lny cel: nauka w spos\u00f3b praktyczny i zwi\u0119z\u0142y, a przede wszystkim \u2014 jak najszybszy kontakt z realnym rynkiem pracy.<\/p><p>Odbywa si\u0119 to zar\u00f3wno poprzez realizacj\u0119 rzeczywistych projekt\u00f3w w trakcie szkole\u0144, jak i dzi\u0119ki wsp\u00f3\u0142pracy z trenerami b\u0119d\u0105cymi czynnymi zawodowo specjalistami z bran\u017cy.<\/p>\t\t\t\t\t\t\t\t<\/div>\n\t\t\t\t<\/div>\n\t\t\t\t\t<\/div>\n\t\t\t\t<\/div>\n\t\t<div class=\"elementor-element elementor-element-1c16e53 e-grid e-con-boxed e-con e-parent\" data-id=\"1c16e53\" data-element_type=\"container\" data-e-type=\"container\">\n\t\t\t\t\t<div class=\"e-con-inner\">\n\t\t\t\t<div class=\"elementor-element elementor-element-610b89f elementor-widget elementor-widget-text-editor\" data-id=\"610b89f\" data-element_type=\"widget\" data-e-type=\"widget\" data-widget_type=\"text-editor.default\">\n\t\t\t\t<div class=\"elementor-widget-container\">\n\t\t\t\t\t\t\t\t\t<p><img loading=\"lazy\" decoding=\"async\" class=\"aligncenter\" src=\"https:\/\/gamecritproject.com\/wp-content\/uploads\/2024\/10\/Pasvalys-Levens-School-Lithuania-300x212.png\" alt=\"\" width=\"212\" height=\"150\" \/><\/p><h5 style=\"text-align: center;\"><span style=\"font-style: inherit; font-weight: inherit; color: #262626; font-family: var( --e-global-typography-text-font-family ), Sans-serif; text-align: var(--text-align); background-color: var(--ast-global-color-4);\">PASVALIO L\u00c9VENS PAGRINDIN\u00c8 MOKYKLA Pasvalys, Litwa<\/span><\/h5><p>Szko\u0142a podstawowa Pasvalys L\u0117vens zosta\u0142a za\u0142o\u017cona w 1987 roku i jest szko\u0142\u0105 pa\u0144stwow\u0105.<\/p><p><br \/>Zlokalizowana jest w malowniczym miejscu nad rzek\u0105 Levuo, niedaleko centrum miasta Pasvalys, w p\u00f3\u0142nocnej cz\u0119\u015bci Litwy.<\/p><p>Ucz\u0119szczaj\u0105 do niej dzieci zar\u00f3wno z miasta, jak i z okolicznych miejscowo\u015bci.<\/p><p><br \/>Filozofi\u0105 naszej szko\u0142y jest oferowanie program\u00f3w nauczania, kt\u00f3re s\u0105 wymagaj\u0105ce i dostosowane do obecnych oraz przysz\u0142ych potrzeb uczni\u00f3w \u2014 zar\u00f3wno pod wzgl\u0119dem edukacyjnym, jak i spo\u0142ecznym.<\/p><p><br \/>Du\u017cy nacisk k\u0142adziemy na rozwijanie umiej\u0119tno\u015bci potrzebnych do \u017cycia, zapewnienia bezpiecze\u0144stwa i osi\u0105gni\u0119cia sukcesu.<\/p><p>Nasi uczniowie pochodz\u0105 z r\u00f3\u017cnych \u015brodowisk, maj\u0105 zr\u00f3\u017cnicowany status spo\u0142eczny i poziom zdolno\u015bci edukacyjnych. Szko\u0142a dostrzega swoj\u0105 odpowiedzialno\u015b\u0107 w zakresie wspierania potrzeb ka\u017cdego ucznia \u2014 zar\u00f3wno tych z trudno\u015bciami w nauce, jak i uczni\u00f3w wybitnie uzdolnionych.<\/p><p>W ramach og\u00f3lnych program\u00f3w nauczania stosujemy standaryzowane testy, kt\u00f3re s\u0142u\u017c\u0105 monitorowaniu i wspieraniu zaanga\u017cowania, post\u0119p\u00f3w i osi\u0105gni\u0119\u0107 ka\u017cdego ucznia.<\/p><p><br \/>Aktywnie wspieramy pozytywne inicjatywy m\u0142odzie\u017cy i nastolatk\u00f3w oraz promujemy dialog i zrozumienie mi\u0119dzy m\u0142odymi lud\u017ami z r\u00f3\u017cnych \u015brodowisk kulturowych i spo\u0142ecznych.<\/p><p><br \/>Kierujemy energi\u0119 m\u0142odego pokolenia ku dzia\u0142aniom na rzecz dobra wsp\u00f3lnego \u2014 zar\u00f3wno w wymiarze lokalnym (np. regularne wizyty w domach opieki dla os\u00f3b starszych), spo\u0142ecznym (projekty i akcje sprz\u0105tania \u015brodowiska, zbi\u00f3rki charytatywne, pomoc uchod\u017acom z Ukrainy), jak i krajowym (udzia\u0142 w projektach og\u00f3lnonarodowych i inicjatywach dobroczynnych).<\/p>\t\t\t\t\t\t\t\t<\/div>\n\t\t\t\t<\/div>\n\t\t\t\t<div class=\"elementor-element elementor-element-81ad80f elementor-widget elementor-widget-text-editor\" data-id=\"81ad80f\" data-element_type=\"widget\" data-e-type=\"widget\" data-widget_type=\"text-editor.default\">\n\t\t\t\t<div class=\"elementor-widget-container\">\n\t\t\t\t\t\t\t\t\t<p><img loading=\"lazy\" decoding=\"async\" class=\"aligncenter\" src=\"https:\/\/gamecritproject.com\/wp-content\/uploads\/2024\/10\/Project-Vitae-RGB-A-POZIOM-300x129.png\" alt=\"\" width=\"350\" height=\"150\" \/><\/p><h5 style=\"text-align: center;\"><span style=\"font-style: inherit; font-weight: inherit; color: #262626; font-family: var( --e-global-typography-text-font-family ), Sans-serif; text-align: var(--text-align); background-color: var(--ast-global-color-4);\">PROJECT VITAE Stargard, Polska<\/span><\/h5><p>PROJECT VITAE to polska instytucja edukacyjna, szkoleniowa i doradcza z siedzib\u0105 w Stargardzie, koncentruj\u0105ca si\u0119 na: transferze innowacji w obszarze edukacji m\u0142odzie\u017cy i kszta\u0142cenia przez ca\u0142e \u017cycie, promowaniu i wykorzystywaniu narz\u0119dzi TIK w edukacji formalnej i nieformalnej oraz rozwijaniu kompetencji emocjonalnych, spo\u0142ecznych i krytycznego my\u015blenia w\u015br\u00f3d m\u0142odych ludzi.<\/p><p><br \/>W sektorze edukacji i szkole\u0144 PROJECT VITAE skupia si\u0119 przede wszystkim na wsparciu os\u00f3b znajduj\u0105cych si\u0119 w niekorzystnej sytuacji, takich jak m\u0142odzie\u017c NEET, dzieci, seniorzy, migranci \u2013 wspieraj\u0105c ich w zakresie integracji spo\u0142ecznej, edukacji i aktywizacji zawodowej.<\/p><p><br \/>Organizacja prowadzi aktywn\u0105 dzia\u0142alno\u015b\u0107 na szczeblu lokalnym i regionalnym, wsp\u00f3\u0142pracuj\u0105c z instytucjami publicznymi, takimi jak szko\u0142y, samorz\u0105dy, jednostki s\u0142u\u017cby zdrowia, uczelnie wy\u017csze, izby gospodarcze, o\u015brodki szkoleniowe, urz\u0119dy pracy i inne podmioty.<\/p><p><br \/>PROJECT VITAE aktywnie dzia\u0142a w obszarze trzeciego sektora, wspieraj\u0105c rozw\u00f3j innowacyjnych i odpowiedzialnych spo\u0142ecznie inicjatyw pozarz\u0105dowych oraz promuj\u0105c budow\u0119 zr\u00f3wnowa\u017conej gospodarki opartej na wsp\u00f3\u0142pracy, ekonomii spo\u0142ecznej i solidarno\u015bci.<\/p><p><br \/>Zesp\u00f3\u0142 PROJECT VITAE posiada do\u015bwiadczenie w takich dziedzinach jak innowacje w edukacji, pedagogika, technologie informacyjno-komunikacyjne, psychologia, doradztwo zawodowe, kompetencje obywatelskie i podstawowe umiej\u0119tno\u015bci kluczowe.<\/p>\t\t\t\t\t\t\t\t<\/div>\n\t\t\t\t<\/div>\n\t\t\t\t\t<\/div>\n\t\t\t\t<\/div>\n\t\t<div class=\"elementor-element elementor-element-0a5c008 e-grid e-con-boxed e-con e-parent\" data-id=\"0a5c008\" data-element_type=\"container\" data-e-type=\"container\">\n\t\t\t\t\t<div class=\"e-con-inner\">\n\t\t\t\t<div class=\"elementor-element elementor-element-1fe7145 elementor-widget elementor-widget-text-editor\" data-id=\"1fe7145\" data-element_type=\"widget\" data-e-type=\"widget\" data-widget_type=\"text-editor.default\">\n\t\t\t\t<div class=\"elementor-widget-container\">\n\t\t\t\t\t\t\t\t\t<p><img loading=\"lazy\" decoding=\"async\" class=\"aligncenter\" src=\"https:\/\/gamecritproject.com\/wp-content\/uploads\/2024\/10\/PlatonLogoENG-300x281.jpg\" alt=\"\" width=\"160\" height=\"150\" \/><\/p><h5 style=\"text-align: center;\"><span style=\"font-style: inherit; font-weight: inherit; color: #262626; font-family: var( --e-global-typography-text-font-family ), Sans-serif; text-align: var(--text-align); background-color: var(--ast-global-color-4);\">PLATON M.E.P.E Katerini, Grecja<\/span><\/h5><p>Platon to szko\u0142a zorientowana na przysz\u0142o\u015b\u0107, aktywnie pod\u0105\u017caj\u0105ca za zmianami w edukacji oraz konsekwentnie wyznaczaj\u0105ca sobie nowe cele, zachowuj\u0105c jednocze\u015bnie ugruntowan\u0105 pozycj\u0119 w \u015brodowisku o\u015bwiatowym.<\/p><p>Plac\u00f3wka obejmuje wszystkie poziomy edukacji \u2013 od przedszkola, przez szko\u0142\u0119 podstawow\u0105 i \u015bredni\u0105, a\u017c po Centrum Kszta\u0142cenia Ustawicznego. Obecnie w szkole kszta\u0142ci si\u0119 570 uczni\u00f3w, a kadra liczy 90 pracownik\u00f3w.<\/p><p>Nowoczesna infrastruktura, r\u00f3\u017cnorodny program nauczania, do\u015bwiadczony i wykwalifikowany zesp\u00f3\u0142 pedagogiczny, a przede wszystkim konsekwencja w realizacji przyj\u0119tych warto\u015bci oraz szacunek wobec uczni\u00f3w i rodzic\u00f3w \u2013 to fundamenty, na kt\u00f3rych szko\u0142a opiera swoj\u0105 dzia\u0142alno\u015b\u0107.<\/p><p>Od ponad dziesi\u0119ciu lat instytucja intensywnie pracuje na rzecz kompleksowego rozwoju swoich uczni\u00f3w.<\/p><p>Szko\u0142a korzysta z metod opartych na partycypacji spo\u0142ecznej i wsp\u00f3\u0142pracy ze \u015brodowiskiem lokalnym, anga\u017cuj\u0105c interesariuszy na poziomie lokalnym i regionalnym w rozwi\u0105zywanie wyzwa\u0144 edukacyjnych.<\/p><p>Platon wsp\u00f3\u0142pracuje z takimi podmiotami, jak: gmina Katerini, Mi\u0119dzynarodowy Uniwersytet Helle\u0144ski, Regionalny Urz\u0105d O\u015bwiaty w Pierii, Izba Handlowa w Pierii, Festiwal Olimpijski, Zesp\u00f3\u0142 Wolontariatu w Pierii oraz lokalne stowarzyszenia kulturalne i sportowe.<\/p>\t\t\t\t\t\t\t\t<\/div>\n\t\t\t\t<\/div>\n\t\t\t\t\t<\/div>\n\t\t\t\t<\/div>\n\t\t\t\t<\/div>\n\t\t","protected":false},"excerpt":{"rendered":"<p>IES LEGIO VII Le\u00f3n, Hiszpania IES Legio VII to publiczna szko\u0142a \u015brednia, zlokalizowana w p\u00f3\u0142nocno-zachodniej Hiszpanii, w mie\u015bcie Le\u00f3n. Plac\u00f3wka prowadzi dzia\u0142alno\u015b\u0107 edukacyjn\u0105 od 1982 roku i obecnie oferuje kszta\u0142cenie na dw\u00f3ch poziomach: obowi\u0105zkowym poziomie szko\u0142y \u015bredniej (klasy 1\/2\/3\/4 ESO) oraz na poziomie szko\u0142y wy\u017cszego stopnia (klasy 1\/2 Bachillerato). Szko\u0142a realizuje r\u00f3wnie\u017c hybrydowy program nauczania [&hellip;]<\/p>\n","protected":false},"author":1,"featured_media":0,"parent":0,"menu_order":0,"comment_status":"closed","ping_status":"closed","template":"","meta":{"site-sidebar-layout":"no-sidebar","site-content-layout":"page-builder","ast-site-content-layout":"full-width-container","site-content-style":"unboxed","site-sidebar-style":"unboxed","ast-global-header-display":"","ast-banner-title-visibility":"","ast-main-header-display":"","ast-hfb-above-header-display":"","ast-hfb-below-header-display":"","ast-hfb-mobile-header-display":"","site-post-title":"disabled","ast-breadcrumbs-content":"","ast-featured-img":"disabled","footer-sml-layout":"","theme-transparent-header-meta":"enabled","adv-header-id-meta":"","stick-header-meta":"","header-above-stick-meta":"","header-main-stick-meta":"","header-below-stick-meta":"","astra-migrate-meta-layouts":"default","ast-page-background-enabled":"default","ast-page-background-meta":{"desktop":{"background-color":"var(--ast-global-color-4)","background-image":"","background-repeat":"repeat","background-position":"center center","background-size":"auto","background-attachment":"scroll","background-type":"","background-media":"","overlay-type":"","overlay-color":"","overlay-gradient":""},"tablet":{"background-color":"","background-image":"","background-repeat":"repeat","background-position":"center center","background-size":"auto","background-attachment":"scroll","background-type":"","background-media":"","overlay-type":"","overlay-color":"","overlay-gradient":""},"mobile":{"background-color":"","background-image":"","background-repeat":"repeat","background-position":"center center","background-size":"auto","background-attachment":"scroll","background-type":"","background-media":"","overlay-type":"","overlay-color":"","overlay-gradient":""}},"ast-content-background-meta":{"desktop":{"background-color":"var(--ast-global-color-5)","background-image":"","background-repeat":"repeat","background-position":"center center","background-size":"auto","background-attachment":"scroll","background-type":"","background-media":"","overlay-type":"","overlay-color":"","overlay-gradient":""},"tablet":{"background-color":"var(--ast-global-color-5)","background-image":"","background-repeat":"repeat","background-position":"center center","background-size":"auto","background-attachment":"scroll","background-type":"","background-media":"","overlay-type":"","overlay-color":"","overlay-gradient":""},"mobile":{"background-color":"var(--ast-global-color-5)","background-image":"","background-repeat":"repeat","background-position":"center center","background-size":"auto","background-attachment":"scroll","background-type":"","background-media":"","overlay-type":"","overlay-color":"","overlay-gradient":""}},"footnotes":""},"class_list":["post-3985","page","type-page","status-publish","hentry"],"_links":{"self":[{"href":"https:\/\/gamecritproject.com\/pl\/wp-json\/wp\/v2\/pages\/3985","targetHints":{"allow":["GET"]}}],"collection":[{"href":"https:\/\/gamecritproject.com\/pl\/wp-json\/wp\/v2\/pages"}],"about":[{"href":"https:\/\/gamecritproject.com\/pl\/wp-json\/wp\/v2\/types\/page"}],"author":[{"embeddable":true,"href":"https:\/\/gamecritproject.com\/pl\/wp-json\/wp\/v2\/users\/1"}],"replies":[{"embeddable":true,"href":"https:\/\/gamecritproject.com\/pl\/wp-json\/wp\/v2\/comments?post=3985"}],"version-history":[{"count":7,"href":"https:\/\/gamecritproject.com\/pl\/wp-json\/wp\/v2\/pages\/3985\/revisions"}],"predecessor-version":[{"id":5156,"href":"https:\/\/gamecritproject.com\/pl\/wp-json\/wp\/v2\/pages\/3985\/revisions\/5156"}],"wp:attachment":[{"href":"https:\/\/gamecritproject.com\/pl\/wp-json\/wp\/v2\/media?parent=3985"}],"curies":[{"name":"wp","href":"https:\/\/api.w.org\/{rel}","templated":true}]}}